{"id":1437,"date":"2021-12-12T12:20:06","date_gmt":"2021-12-12T12:20:06","guid":{"rendered":"https:\/\/kubu.lt\/1437-2\/"},"modified":"2021-12-12T12:20:42","modified_gmt":"2021-12-12T12:20:42","slug":"1437-2","status":"publish","type":"page","link":"https:\/\/kubu.lt\/en\/","title":{"rendered":"Untitled"},"content":{"rendered":"\n\n\n<p class=\"has-text-align-center gutenslider-content-initial has-larger-font-size\"><\/p>\n\n\n\n\n\n<p class=\"has-text-align-center gutenslider-content-initial has-larger-font-size\"><\/p>\n\n\n\n\n\n<p class=\"has-text-align-center gutenslider-content-initial has-larger-font-size\"><\/p>\n\n\n\n\n\n<p class=\"has-text-align-center gutenslider-content-initial has-larger-font-size\"><\/p>\n\n\n\n\n\n<p class=\"has-text-align-center gutenslider-content-initial has-larger-font-size\"><\/p>\n\n\n\n<div style=\"height:40px\" aria-hidden=\"true\" class=\"wp-block-spacer\"><\/div>\n\n<div class=\"wp-block-media-text alignwide is-stacked-on-mobile shadowbox2 has-white-background-color has-background\"><figure class=\"wp-block-media-text__media\"><img decoding=\"async\" loading=\"lazy\" width=\"1024\" height=\"683\" src=\"https:\/\/kubu.lt\/wp-content\/uploads\/2021\/10\/klaipeda-centras-vilties-g-buto-5-1024x683.jpg\" alt=\"\" class=\"wp-image-1022 size-full\" srcset=\"https:\/\/kubu.lt\/wp-content\/uploads\/2021\/10\/klaipeda-centras-vilties-g-buto-5-1024x683.jpg 1024w, https:\/\/kubu.lt\/wp-content\/uploads\/2021\/10\/klaipeda-centras-vilties-g-buto-5-300x200.jpg 300w, https:\/\/kubu.lt\/wp-content\/uploads\/2021\/10\/klaipeda-centras-vilties-g-buto-5-768x512.jpg 768w, https:\/\/kubu.lt\/wp-content\/uploads\/2021\/10\/klaipeda-centras-vilties-g-buto-5-1536x1025.jpg 1536w, https:\/\/kubu.lt\/wp-content\/uploads\/2021\/10\/klaipeda-centras-vilties-g-buto-5-1568x1046.jpg 1568w, https:\/\/kubu.lt\/wp-content\/uploads\/2021\/10\/klaipeda-centras-vilties-g-buto-5-600x400.jpg 600w, https:\/\/kubu.lt\/wp-content\/uploads\/2021\/10\/klaipeda-centras-vilties-g-buto-5.jpg 1920w\" sizes=\"(max-width: 1024px) 100vw, 1024px\" \/><\/figure><div class=\"wp-block-media-text__content\">\n<p class=\"has-extra-large-font-size\">KUBU GUEST HOUSE<\/p>\n\n\n\n<p>KUBU guest house is a stylishly designed and cozy apartments, which are located in the center of Klaipeda. We offer variety of modern apartments and a spa zone.<\/p>\n\n\n\n<div class=\"is-layout-flex wp-block-buttons\">\n<div class=\"wp-block-button\"><a class=\"wp-block-button__link has-text-color has-background\" href=\"https:\/\/kubu.lt\/en\/klaipeda\/guest-house-en\/\" style=\"background-color:#ccb179;color:#402a28\">BOOK NOW<\/a><\/div>\n<\/div>\n<\/div><\/div>\n\n<div class=\"wp-block-media-text alignwide has-media-on-the-right is-stacked-on-mobile shadowbox2 has-white-background-color has-background\"><figure class=\"wp-block-media-text__media\"><img decoding=\"async\" loading=\"lazy\" width=\"1024\" height=\"684\" src=\"https:\/\/kubu.lt\/wp-content\/uploads\/2021\/10\/JMB_1079-3-1024x684.jpg\" alt=\"\" class=\"wp-image-1027 size-full\" srcset=\"https:\/\/kubu.lt\/wp-content\/uploads\/2021\/10\/JMB_1079-3-1024x684.jpg 1024w, https:\/\/kubu.lt\/wp-content\/uploads\/2021\/10\/JMB_1079-3-300x200.jpg 300w, https:\/\/kubu.lt\/wp-content\/uploads\/2021\/10\/JMB_1079-3-768x513.jpg 768w, https:\/\/kubu.lt\/wp-content\/uploads\/2021\/10\/JMB_1079-3-1536x1025.jpg 1536w, https:\/\/kubu.lt\/wp-content\/uploads\/2021\/10\/JMB_1079-3-2048x1367.jpg 2048w, https:\/\/kubu.lt\/wp-content\/uploads\/2021\/10\/JMB_1079-3-1568x1047.jpg 1568w, https:\/\/kubu.lt\/wp-content\/uploads\/2021\/10\/JMB_1079-3-600x401.jpg 600w\" sizes=\"(max-width: 1024px) 100vw, 1024px\" \/><\/figure><div class=\"wp-block-media-text__content\">\n<p class=\"has-extra-large-font-size\">KUBU LOFT<\/p>\n\n\n\n<p>KUBU loft is newly build apartments in centre of Klaip\u0117da. It&#8217;s a cozy and modern loft and loft-studio apartments, where everyone can find the most suitable option. <\/p>\n\n\n\n<div class=\"is-layout-flex wp-block-buttons\">\n<div class=\"wp-block-button\"><a class=\"wp-block-button__link has-text-color has-background\" href=\"https:\/\/kubu.lt\/en\/klaipeda\/loft-studia-en\/\" style=\"background-color:#ccb179;color:#402a28\">BOOK NOW<\/a><\/div>\n<\/div>\n<\/div><\/div>\n\n<div class=\"wp-block-media-text alignwide is-stacked-on-mobile shadowbox2 has-white-background-color has-background\"><figure class=\"wp-block-media-text__media\"><img decoding=\"async\" loading=\"lazy\" width=\"1024\" height=\"683\" src=\"https:\/\/kubu.lt\/wp-content\/uploads\/2021\/10\/klaipeda-senamiestis-naujojo-sodo-g-buto-1-1-1024x683.jpg\" alt=\"\" class=\"wp-image-1026 size-full\" srcset=\"https:\/\/kubu.lt\/wp-content\/uploads\/2021\/10\/klaipeda-senamiestis-naujojo-sodo-g-buto-1-1-1024x683.jpg 1024w, https:\/\/kubu.lt\/wp-content\/uploads\/2021\/10\/klaipeda-senamiestis-naujojo-sodo-g-buto-1-1-300x200.jpg 300w, https:\/\/kubu.lt\/wp-content\/uploads\/2021\/10\/klaipeda-senamiestis-naujojo-sodo-g-buto-1-1-768x512.jpg 768w, https:\/\/kubu.lt\/wp-content\/uploads\/2021\/10\/klaipeda-senamiestis-naujojo-sodo-g-buto-1-1-1536x1025.jpg 1536w, https:\/\/kubu.lt\/wp-content\/uploads\/2021\/10\/klaipeda-senamiestis-naujojo-sodo-g-buto-1-1-1568x1046.jpg 1568w, https:\/\/kubu.lt\/wp-content\/uploads\/2021\/10\/klaipeda-senamiestis-naujojo-sodo-g-buto-1-1-600x400.jpg 600w, https:\/\/kubu.lt\/wp-content\/uploads\/2021\/10\/klaipeda-senamiestis-naujojo-sodo-g-buto-1-1.jpg 1920w\" sizes=\"(max-width: 1024px) 100vw, 1024px\" \/><\/figure><div class=\"wp-block-media-text__content\">\n<p class=\"has-extra-large-font-size\">KUBU APARTMENT<\/p>\n\n\n\n<p>KUBU Apartment is a private one floor building with cozy and comfortable rooms which are located in a perfect place, centre of old town. <\/p>\n\n\n\n<div class=\"is-layout-flex wp-block-buttons\">\n<div class=\"wp-block-button\"><a class=\"wp-block-button__link has-text-color has-background\" href=\"https:\/\/kubu.lt\/en\/klaipeda\/apartment-en\/\" style=\"background-color:#d3b379;color:#402a28\">BOOK NOW<\/a><\/div>\n<\/div>\n<\/div><\/div>\n<div data-block-name=\"woocommerce\/featured-product\" data-edit-mode=\"false\" data-product-id=\"15\" class=\"wc-block-featured-product alignwide has-background-dim wp-block-woocommerce-featured-product\" style=\"min-height:500px;\"><div class=\"wc-block-featured-product__wrapper\"><div class=\"background-dim__overlay\" style=\"background-color: #000000\"><\/div><img decoding=\"async\" alt=\"Sauna Su Jacuzzi\" class=\"wc-block-featured-product__background-image\" src=\"https:\/\/kubu.lt\/wp-content\/uploads\/2021\/03\/1000009726-scaled.jpg\" style=\"object-fit: none;object-position: 50% 50%;\" \/><h2 class=\"wc-block-featured-product__title\">Sauna Su Jacuzzi<\/h2><div class=\"wc-block-featured-product__description\"><p>Kvie\u010diame atsipalaiduoti ir pasim\u0117gauti m\u016bs\u0173 Kubu pirtele ir s\u016bkurine vonia. Jauki SPA zona su televizoriumi, du\u0161u, persirengimo kambariu. Joje yra viskas, ko reikia norint pasim\u0117gauti poilsiu su \u0161eima, draugais ar artimaisiais. M\u016bs\u0173 Kubu pirtel\u0117je gali patogiai atsipalaiduoti ir pasilepinti iki 8 sve\u010di\u0173.<\/p>\n<\/div><div class=\"wc-block-featured-product__price\">From: <span class=\"woocommerce-Price-amount amount\">40<span class=\"woocommerce-Price-currencySymbol\">&euro;<\/span><\/span><\/div><div class=\"wc-block-featured-product__link\">\n\n<div class=\"wp-block-button aligncenter\"><a class=\"wp-block-button__link has-text-color has-background\" href=\"https:\/\/kubu.lt\/en\/book\/guest-house\/sauna-jacuzzi\/\" style=\"background-color:#d3b379;color:#402a28\">Book now<\/a><\/div>\n\n<\/div><\/div><\/div>\n<div style=\"height:40px\" aria-hidden=\"true\" class=\"wp-block-spacer\"><\/div>\n\n<h1 class=\"alignfull has-text-align-center headingUnderline has-extra-large-font-size\">THINGS TO DO IN KLAIP\u0116DA<\/h1>\n<ul class=\"wp-block-latest-posts__list is-grid columns-3 has-dates alignwide wp-block-latest-posts\"><li><div class=\"wp-block-latest-posts__featured-image\"><img width=\"750\" height=\"500\" src=\"https:\/\/kubu.lt\/wp-content\/uploads\/2021\/06\/exprerinces-in-klaipeda-1024x683.jpeg\" class=\"attachment-large size-large wp-post-image\" alt=\"\" decoding=\"async\" loading=\"lazy\" style=\"width:100%;height:66.67%;max-width:1200px;\" srcset=\"https:\/\/kubu.lt\/wp-content\/uploads\/2021\/06\/exprerinces-in-klaipeda-1024x683.jpeg 1024w, https:\/\/kubu.lt\/wp-content\/uploads\/2021\/06\/exprerinces-in-klaipeda-300x200.jpeg 300w, https:\/\/kubu.lt\/wp-content\/uploads\/2021\/06\/exprerinces-in-klaipeda-768x512.jpeg 768w, https:\/\/kubu.lt\/wp-content\/uploads\/2021\/06\/exprerinces-in-klaipeda-150x100.jpeg 150w, https:\/\/kubu.lt\/wp-content\/uploads\/2021\/06\/exprerinces-in-klaipeda-600x400.jpeg 600w, https:\/\/kubu.lt\/wp-content\/uploads\/2021\/06\/exprerinces-in-klaipeda.jpeg 1200w\" sizes=\"(max-width: 750px) 100vw, 750px\" \/><\/div><a class=\"wp-block-latest-posts__post-title\" href=\"https:\/\/kubu.lt\/en\/top-5-experiences-in-klaipeda\/\">TOP 5 PATIRTYS KLAIP\u0116DOJE<\/a><time datetime=\"2021-06-27T09:34:43+03:00\" class=\"wp-block-latest-posts__post-date\">2021-06-27<\/time><div class=\"wp-block-latest-posts__post-excerpt\">Pasinaudokite galimybe patirti unikalias pramogas. Irkluokite nakt\u012f, va\u017eiuokite dvira\u010diu pajuriu, ap\u017ei\u016br\u0117kite \u012fstab\u0173 skulpt\u016br\u0173 park\u0105.<\/div><\/li>\n<li><div class=\"wp-block-latest-posts__featured-image\"><img width=\"750\" height=\"500\" src=\"https:\/\/kubu.lt\/wp-content\/uploads\/2021\/06\/exprerinces-in-klaipeda-1024x683.jpeg\" class=\"attachment-large size-large wp-post-image\" alt=\"\" decoding=\"async\" loading=\"lazy\" style=\"width:100%;height:66.67%;max-width:1200px;\" srcset=\"https:\/\/kubu.lt\/wp-content\/uploads\/2021\/06\/exprerinces-in-klaipeda-1024x683.jpeg 1024w, https:\/\/kubu.lt\/wp-content\/uploads\/2021\/06\/exprerinces-in-klaipeda-300x200.jpeg 300w, https:\/\/kubu.lt\/wp-content\/uploads\/2021\/06\/exprerinces-in-klaipeda-768x512.jpeg 768w, https:\/\/kubu.lt\/wp-content\/uploads\/2021\/06\/exprerinces-in-klaipeda-150x100.jpeg 150w, https:\/\/kubu.lt\/wp-content\/uploads\/2021\/06\/exprerinces-in-klaipeda-600x400.jpeg 600w, https:\/\/kubu.lt\/wp-content\/uploads\/2021\/06\/exprerinces-in-klaipeda.jpeg 1200w\" sizes=\"(max-width: 750px) 100vw, 750px\" \/><\/div><a class=\"wp-block-latest-posts__post-title\" href=\"https:\/\/kubu.lt\/en\/top-5-experiences-in-klaipeda\/\">TOP 5 PATIRTYS KLAIP\u0116DOJE<\/a><time datetime=\"2021-06-27T09:34:43+03:00\" class=\"wp-block-latest-posts__post-date\">2021-06-27<\/time><div class=\"wp-block-latest-posts__post-excerpt\">Pasinaudokite galimybe patirti unikalias pramogas. Irkluokite nakt\u012f, va\u017eiuokite dvira\u010diu pajuriu, ap\u017ei\u016br\u0117kite \u012fstab\u0173 skulpt\u016br\u0173 park\u0105.<\/div><\/li>\n<li><div class=\"wp-block-latest-posts__featured-image\"><img width=\"750\" height=\"500\" src=\"https:\/\/kubu.lt\/wp-content\/uploads\/2021\/06\/exprerinces-in-klaipeda-1024x683.jpeg\" class=\"attachment-large size-large wp-post-image\" alt=\"\" decoding=\"async\" loading=\"lazy\" style=\"width:100%;height:66.67%;max-width:1200px;\" srcset=\"https:\/\/kubu.lt\/wp-content\/uploads\/2021\/06\/exprerinces-in-klaipeda-1024x683.jpeg 1024w, https:\/\/kubu.lt\/wp-content\/uploads\/2021\/06\/exprerinces-in-klaipeda-300x200.jpeg 300w, https:\/\/kubu.lt\/wp-content\/uploads\/2021\/06\/exprerinces-in-klaipeda-768x512.jpeg 768w, https:\/\/kubu.lt\/wp-content\/uploads\/2021\/06\/exprerinces-in-klaipeda-150x100.jpeg 150w, https:\/\/kubu.lt\/wp-content\/uploads\/2021\/06\/exprerinces-in-klaipeda-600x400.jpeg 600w, https:\/\/kubu.lt\/wp-content\/uploads\/2021\/06\/exprerinces-in-klaipeda.jpeg 1200w\" sizes=\"(max-width: 750px) 100vw, 750px\" \/><\/div><a class=\"wp-block-latest-posts__post-title\" href=\"https:\/\/kubu.lt\/en\/top-5-experiences-in-klaipeda\/\">TOP 5 PATIRTYS KLAIP\u0116DOJE<\/a><time datetime=\"2021-06-27T09:34:43+03:00\" class=\"wp-block-latest-posts__post-date\">2021-06-27<\/time><div class=\"wp-block-latest-posts__post-excerpt\">Pasinaudokite galimybe patirti unikalias pramogas. Irkluokite nakt\u012f, va\u017eiuokite dvira\u010diu pajuriu, ap\u017ei\u016br\u0117kite \u012fstab\u0173 skulpt\u016br\u0173 park\u0105.<\/div><\/li>\n<li><div class=\"wp-block-latest-posts__featured-image\"><img width=\"750\" height=\"500\" src=\"https:\/\/kubu.lt\/wp-content\/uploads\/2021\/06\/exprerinces-in-klaipeda-1024x683.jpeg\" class=\"attachment-large size-large wp-post-image\" alt=\"\" decoding=\"async\" loading=\"lazy\" style=\"width:100%;height:66.67%;max-width:1200px;\" srcset=\"https:\/\/kubu.lt\/wp-content\/uploads\/2021\/06\/exprerinces-in-klaipeda-1024x683.jpeg 1024w, https:\/\/kubu.lt\/wp-content\/uploads\/2021\/06\/exprerinces-in-klaipeda-300x200.jpeg 300w, https:\/\/kubu.lt\/wp-content\/uploads\/2021\/06\/exprerinces-in-klaipeda-768x512.jpeg 768w, https:\/\/kubu.lt\/wp-content\/uploads\/2021\/06\/exprerinces-in-klaipeda-150x100.jpeg 150w, https:\/\/kubu.lt\/wp-content\/uploads\/2021\/06\/exprerinces-in-klaipeda-600x400.jpeg 600w, https:\/\/kubu.lt\/wp-content\/uploads\/2021\/06\/exprerinces-in-klaipeda.jpeg 1200w\" sizes=\"(max-width: 750px) 100vw, 750px\" \/><\/div><a class=\"wp-block-latest-posts__post-title\" href=\"https:\/\/kubu.lt\/en\/top-5-experiences-in-klaipeda\/\">TOP 5 PATIRTYS KLAIP\u0116DOJE<\/a><time datetime=\"2021-06-27T09:34:43+03:00\" class=\"wp-block-latest-posts__post-date\">2021-06-27<\/time><div class=\"wp-block-latest-posts__post-excerpt\">Pasinaudokite galimybe patirti unikalias pramogas. Irkluokite nakt\u012f, va\u017eiuokite dvira\u010diu pajuriu, ap\u017ei\u016br\u0117kite \u012fstab\u0173 skulpt\u016br\u0173 park\u0105.<\/div><\/li>\n<li><div class=\"wp-block-latest-posts__featured-image\"><img width=\"750\" height=\"500\" src=\"https:\/\/kubu.lt\/wp-content\/uploads\/2021\/06\/exprerinces-in-klaipeda-1024x683.jpeg\" class=\"attachment-large size-large wp-post-image\" alt=\"\" decoding=\"async\" loading=\"lazy\" style=\"width:100%;height:66.67%;max-width:1200px;\" srcset=\"https:\/\/kubu.lt\/wp-content\/uploads\/2021\/06\/exprerinces-in-klaipeda-1024x683.jpeg 1024w, https:\/\/kubu.lt\/wp-content\/uploads\/2021\/06\/exprerinces-in-klaipeda-300x200.jpeg 300w, https:\/\/kubu.lt\/wp-content\/uploads\/2021\/06\/exprerinces-in-klaipeda-768x512.jpeg 768w, https:\/\/kubu.lt\/wp-content\/uploads\/2021\/06\/exprerinces-in-klaipeda-150x100.jpeg 150w, https:\/\/kubu.lt\/wp-content\/uploads\/2021\/06\/exprerinces-in-klaipeda-600x400.jpeg 600w, https:\/\/kubu.lt\/wp-content\/uploads\/2021\/06\/exprerinces-in-klaipeda.jpeg 1200w\" sizes=\"(max-width: 750px) 100vw, 750px\" \/><\/div><a class=\"wp-block-latest-posts__post-title\" href=\"https:\/\/kubu.lt\/en\/top-5-experiences-in-klaipeda\/\">TOP 5 EXPERIENCES  IN KLAIP\u0116DA<\/a><time datetime=\"2021-06-27T09:34:43+03:00\" class=\"wp-block-latest-posts__post-date\">2021-06-27<\/time><div class=\"wp-block-latest-posts__post-excerpt\">Pasinaudokite galimybe patirti unikalias pramogas. Irkluokite nakt\u012f, va\u017eiuokite dvira\u010diu pajuriu, ap\u017ei\u016br\u0117kite \u012fstab\u0173 skulpt\u016br\u0173 park\u0105.<\/div><\/li>\n<\/ul>\n<div style=\"height:40px\" aria-hidden=\"true\" class=\"wp-block-spacer\"><\/div>\n\n<h2 class=\"has-text-align-center headingUnderline has-extra-large-font-size\">FIND US<\/h2>\n\n<div class=\"alignwide\"> \n<div class=\"leaflet-map WPLeafletMap\" style=\"height:500px; width:100%;\"><\/div><script>\nwindow.WPLeafletMapPlugin = window.WPLeafletMapPlugin || [];\nwindow.WPLeafletMapPlugin.push(function WPLeafletMapShortcode() {\/*<script>*\/\nvar baseUrl = 'https:\/\/{s}.tile.openstreetmap.org\/{z}\/{x}\/{y}.png';\nvar base = (!baseUrl && window.MQ) ? \n    window.MQ.mapLayer() : L.tileLayer(baseUrl, \n        L.Util.extend({}, {\n            detectRetina: 0,\n            minZoom: 0,\n            maxZoom: 20,\n        }, \n        {\"subdomains\":\"abc\",\"noWrap\":false}        )\n    );\n    var options = L.Util.extend({}, {\n        layers: [base],\n        attributionControl: false\n    }, \n    {\"zoomControl\":true,\"scrollWheelZoom\":false,\"doubleClickZoom\":false,\"fitBounds\":true,\"minZoom\":0,\"maxZoom\":20,\"attribution\":\"\"}, \n    {});\nwindow.WPLeafletMapPlugin.createMap(options).setView([55.71034,21.12632],14);window.WPLeafletMapPlugin.createScale({});});<\/script>\n\n<script>\nwindow.WPLeafletMapPlugin = window.WPLeafletMapPlugin || [];\nwindow.WPLeafletMapPlugin.push(function WPLeafletMarkerShortcode() {\/*<script>*\/\nvar map = window.WPLeafletMapPlugin.getCurrentMap();\nvar group = window.WPLeafletMapPlugin.getCurrentGroup();\nvar marker_options = (function () {\n    var _options = {};\n    var iconArrays = [\n        'iconSize', \n        'iconAnchor', \n        'shadowSize', \n        'shadowAnchor',\n        'popupAnchor'\n    ];\n    var default_icon = L.Icon.Default.prototype.options;\n    if (_options.iconUrl) {\n        \/\/ arrays are strings, unfortunately...\n        for (var i = 0, len = iconArrays.length; i < len; i++) {\n            var option_name = iconArrays[i];\n            var option = _options[ option_name ];\n            \/\/ convert \"1,2\" to [1, 2];\n            if (option) {\n                var arr = option.join('').split(',');\n                \/\/ array.map for ie<9\n                for (var j = 0, lenJ = arr.length; j < lenJ; j++) {\n                    arr[j] = Number(arr[j]);\n                }\n                _options[ option_name ] = arr;\n            }\n        }\n        \/\/ default popupAnchor\n        if (!_options.popupAnchor) {\n            \/\/ set (roughly) to size of icon\n            _options.popupAnchor = (function (i_size) {\n                \/\/ copy array\n                i_size = i_size.slice();\n                \n                \/\/ inverse coordinates\n                i_size[0] = 0;\n                i_size[1] *= -1;\n                \/\/ bottom position on popup is 7px\n                i_size[1] -= 3;\n                return i_size;\n            })(_options.iconSize || default_icon.iconSize);\n        }\n        _options.icon = new L.Icon( _options );\n    }\n    return _options;\n})();\nvar marker = L.marker(\n    [0,0], \n    marker_options\n);\nvar is_image = map.is_image_map;\n    marker.setLatLng( map.getCenter() );\nif (marker_options.draggable) {\n    marker.on('dragend', function () {\n        var latlng = this.getLatLng();\n        var lat = latlng.lat;\n        var lng = latlng.lng;\n        if (is_image) {\n            console.log('leaflet-marker y=' + lat + ' x=' + lng);\n        } else {\n            console.log('leaflet-marker lat=' + lat + ' lng=' + lng);\n        }\n    });\n}\nmarker.addTo( group );\nmarker.bindPopup(window.WPLeafletMapPlugin.unescape(' KUBU apartments'));window.WPLeafletMapPlugin.markers.push( marker );\n        });<\/script>\n\n<script>\nwindow.WPLeafletMapPlugin = window.WPLeafletMapPlugin || [];\nwindow.WPLeafletMapPlugin.push(function WPLeafletMarkerShortcode() {\/*<script>*\/\nvar map = window.WPLeafletMapPlugin.getCurrentMap();\nvar group = window.WPLeafletMapPlugin.getCurrentGroup();\nvar marker_options = (function () {\n    var _options = {};\n    var iconArrays = [\n        'iconSize', \n        'iconAnchor', \n        'shadowSize', \n        'shadowAnchor',\n        'popupAnchor'\n    ];\n    var default_icon = L.Icon.Default.prototype.options;\n    if (_options.iconUrl) {\n        \/\/ arrays are strings, unfortunately...\n        for (var i = 0, len = iconArrays.length; i < len; i++) {\n            var option_name = iconArrays[i];\n            var option = _options[ option_name ];\n            \/\/ convert \"1,2\" to [1, 2];\n            if (option) {\n                var arr = option.join('').split(',');\n                \/\/ array.map for ie<9\n                for (var j = 0, lenJ = arr.length; j < lenJ; j++) {\n                    arr[j] = Number(arr[j]);\n                }\n                _options[ option_name ] = arr;\n            }\n        }\n        \/\/ default popupAnchor\n        if (!_options.popupAnchor) {\n            \/\/ set (roughly) to size of icon\n            _options.popupAnchor = (function (i_size) {\n                \/\/ copy array\n                i_size = i_size.slice();\n                \n                \/\/ inverse coordinates\n                i_size[0] = 0;\n                i_size[1] *= -1;\n                \/\/ bottom position on popup is 7px\n                i_size[1] -= 3;\n                return i_size;\n            })(_options.iconSize || default_icon.iconSize);\n        }\n        _options.icon = new L.Icon( _options );\n    }\n    return _options;\n})();\nvar marker = L.marker(\n    [55.71859,21.13013], \n    marker_options\n);\nvar is_image = map.is_image_map;\nif (marker_options.draggable) {\n    marker.on('dragend', function () {\n        var latlng = this.getLatLng();\n        var lat = latlng.lat;\n        var lng = latlng.lng;\n        if (is_image) {\n            console.log('leaflet-marker y=' + lat + ' x=' + lng);\n        } else {\n            console.log('leaflet-marker lat=' + lat + ' lng=' + lng);\n        }\n    });\n}\nmarker.addTo( group );\nwindow.WPLeafletMapPlugin.markers.push( marker );\n        });<\/script>\n\n<script>\nwindow.WPLeafletMapPlugin = window.WPLeafletMapPlugin || [];\nwindow.WPLeafletMapPlugin.push(function WPLeafletMarkerShortcode() {\/*<script>*\/\nvar map = window.WPLeafletMapPlugin.getCurrentMap();\nvar group = window.WPLeafletMapPlugin.getCurrentGroup();\nvar marker_options = (function () {\n    var _options = {};\n    var iconArrays = [\n        'iconSize', \n        'iconAnchor', \n        'shadowSize', \n        'shadowAnchor',\n        'popupAnchor'\n    ];\n    var default_icon = L.Icon.Default.prototype.options;\n    if (_options.iconUrl) {\n        \/\/ arrays are strings, unfortunately...\n        for (var i = 0, len = iconArrays.length; i < len; i++) {\n            var option_name = iconArrays[i];\n            var option = _options[ option_name ];\n            \/\/ convert \"1,2\" to [1, 2];\n            if (option) {\n                var arr = option.join('').split(',');\n                \/\/ array.map for ie<9\n                for (var j = 0, lenJ = arr.length; j < lenJ; j++) {\n                    arr[j] = Number(arr[j]);\n                }\n                _options[ option_name ] = arr;\n            }\n        }\n        \/\/ default popupAnchor\n        if (!_options.popupAnchor) {\n            \/\/ set (roughly) to size of icon\n            _options.popupAnchor = (function (i_size) {\n                \/\/ copy array\n                i_size = i_size.slice();\n                \n                \/\/ inverse coordinates\n                i_size[0] = 0;\n                i_size[1] *= -1;\n                \/\/ bottom position on popup is 7px\n                i_size[1] -= 3;\n                return i_size;\n            })(_options.iconSize || default_icon.iconSize);\n        }\n        _options.icon = new L.Icon( _options );\n    }\n    return _options;\n})();\nvar marker = L.marker(\n    [55.71827,21.12712], \n    marker_options\n);\nvar is_image = map.is_image_map;\nif (marker_options.draggable) {\n    marker.on('dragend', function () {\n        var latlng = this.getLatLng();\n        var lat = latlng.lat;\n        var lng = latlng.lng;\n        if (is_image) {\n            console.log('leaflet-marker y=' + lat + ' x=' + lng);\n        } else {\n            console.log('leaflet-marker lat=' + lat + ' lng=' + lng);\n        }\n    });\n}\nmarker.addTo( group );\nwindow.WPLeafletMapPlugin.markers.push( marker );\n        });<\/script>\n<\/div>\n","protected":false},"excerpt":{"rendered":"<p>THINGS TO DO IN KLAIP\u0116DA FIND US<\/p>\n","protected":false},"author":1,"featured_media":0,"parent":0,"menu_order":0,"comment_status":"closed","ping_status":"open","template":"","meta":[],"_links":{"self":[{"href":"https:\/\/kubu.lt\/en\/wp-json\/wp\/v2\/pages\/1437"}],"collection":[{"href":"https:\/\/kubu.lt\/en\/wp-json\/wp\/v2\/pages"}],"about":[{"href":"https:\/\/kubu.lt\/en\/wp-json\/wp\/v2\/types\/page"}],"author":[{"embeddable":true,"href":"https:\/\/kubu.lt\/en\/wp-json\/wp\/v2\/users\/1"}],"replies":[{"embeddable":true,"href":"https:\/\/kubu.lt\/en\/wp-json\/wp\/v2\/comments?post=1437"}],"version-history":[{"count":4,"href":"https:\/\/kubu.lt\/en\/wp-json\/wp\/v2\/pages\/1437\/revisions"}],"predecessor-version":[{"id":1442,"href":"https:\/\/kubu.lt\/en\/wp-json\/wp\/v2\/pages\/1437\/revisions\/1442"}],"wp:attachment":[{"href":"https:\/\/kubu.lt\/en\/wp-json\/wp\/v2\/media?parent=1437"}],"curies":[{"name":"wp","href":"https:\/\/api.w.org\/{rel}","templated":true}]}}